{"id":2,"date":"2012-08-30T11:22:49","date_gmt":"2012-08-30T09:22:49","guid":{"rendered":"http:\/\/evabutzkies.com\/?page_id=2"},"modified":"2024-11-05T11:47:34","modified_gmt":"2024-11-05T10:47:34","slug":"sample-page","status":"publish","type":"page","link":"https:\/\/evabutzkies.com\/?page_id=2","title":{"rendered":"Vita"},"content":{"rendered":"<p lang=\"en-US\"><a href=\"http:\/\/evabutzkies.com\/wp-content\/uploads\/2012\/08\/E0A3987.jpg\"><img loading=\"lazy\" decoding=\"async\" class=\"alignright size-medium wp-image-22\" title=\"_E0A3987\" src=\"http:\/\/evabutzkies.com\/wp-content\/uploads\/2012\/08\/E0A3987-200x300.jpg\" alt=\"\" width=\"200\" height=\"300\" srcset=\"https:\/\/evabutzkies.com\/wp-content\/uploads\/2012\/08\/E0A3987-200x300.jpg 200w, https:\/\/evabutzkies.com\/wp-content\/uploads\/2012\/08\/E0A3987-682x1024.jpg 682w\" sizes=\"auto, (max-width: 200px) 100vw, 200px\" \/><\/a><\/p>\n<p lang=\"en-US\"><span style=\"font-family: 'Times New Roman', serif;\"><span style=\"font-size: medium;\">Eva Butzkies ist 1977 in Freiburg im Breisgau geboren. <\/span><\/span><\/p>\n<p lang=\"en-US\"><span style=\"font-family: 'Times New Roman', serif;\"><span style=\"font-size: medium;\">Nach dem Kost\u00fcmdesign-Studium in Hannover und einem Praxissemester bei der Glyndebourne Festival Opera in England, war sie von 2003-2005 als Assistentin am Theater Basel.\u00a0<\/span><\/span><\/p>\n<p lang=\"en-US\"><span style=\"font-size: medium; font-family: 'Times New Roman', serif;\">Seit 2004 entwirft sie Kost\u00fcmbilder f\u00fcr zahlreiche Opern, Schauspielst\u00fccke und Tanztheater-Produktionen, an festen Spielst\u00e4tten ebenso wie f\u00fcr Performances der freien Szene. Eine detaillierte Aufz\u00e4hlung der \u00fcber 120 Produktionen findet sich <a title=\"Was bisher geschah\u2026\" href=\"http:\/\/evabutzkies.com\/?page_id=99\">hier.<\/a><\/span><\/p>\n<p lang=\"en-US\"><span style=\"font-family: 'Times New Roman', serif;\"><span style=\"font-size: medium;\">Ihr Kost\u00fcmbild zum Freilichtspektakel \u201eDon Quixote &#8211; The Making of Dreams\u201c in Biel 2008 war Teil einer <a title=\"Studie ZHdK\" href=\"http:\/\/ipf.zhdk.ch\/deutsch\/produkte\/publikationen\/freilichttheater-200708\" target=\"_blank\" rel=\"noopener noreferrer\">Studie der Z\u00fcrcher Hochschule der K\u00fcnste<\/a>, die Produktion \u201eFucking Amal\u201c (junges theater basel\/Theater Basel) gewann den Impulse-Preis 2005 und \u201eDido und Aeneas\u201c (Theater Basel 2006) war eingeladen zum Berliner Theatertreffen 2007. Der Kurzfilm \u201eBeckenrand\u201c (Regie Michael Koch) wurde 2005 f\u00fcr den Schweizer Filmpreis nominiert. <\/span><\/span><\/p>\n<p lang=\"en-US\">\u00a0<span style=\"font-size: medium; font-family: 'Times New Roman', serif;\">Eva Butzkies lebt in Basel, hat ein Diplom in Kost\u00fcmdesign und ein MA Design (Textiles).<\/span><\/p>\n<blockquote>\n<p lang=\"en-US\">&#8222;&#8230;Wenn Eva bei einem Projekt beteiligt ist, beruhigt mich das. Mir gef\u00e4llt aber nicht nur ihr Blick f\u00fcr die Kost\u00fcml\u00f6sung: Sie entwickelt mit k\u00fcnstlerischem Sinn und Realit\u00e4tsblick ein super Konzept. Sie baut zu allen im Ensemble ein gutes Verh\u00e4ltnis auf.&#8220;<\/p>\n<p lang=\"en-US\"><em>Martin Frank, Theater Basel<\/em><\/p>\n<\/blockquote>\n<hr \/>\n<p lang=\"en-US\">Eva Butzkies was born in 1977 in Freiburg im Breisgau, Germany.<\/p>\n<p>After studying costume design in Hanove, Germany, and a internship semester at the Glyndebourne Festival Opera in England, she worked as an assistant at the Theater Basel, Switzerland, from 2003-2005.<\/p>\n<p>Since 2004 she has designed costume designs for numerous operas, plays and dance theatre productions, at regional and national theatres (Stadttheater) as well as for performances of the independent scene. A detailed list of over 70 productions can be found on this page.<\/p>\n<p>Her costume design for the open-air spectacle &#8222;Don Quixote &#8211; The Making of Dreams&#8220; in Biel 2008 was part of a study by the Zurich University of the Arts, the production &#8222;Fucking Amal&#8220; (junges theater basel\/Theater Basel) won the Impulse Prize 2005 and &#8222;Dido und Aeneas&#8220; (Theater Basel 2006) was invited to the Berlin Theatertreffen 2007 (a selection of the 10 most remarkable productions of the season). The short film &#8222;Beckenrand&#8220; (directed by Michael Koch) was nominated for the Swiss Film Prize in 2005.<\/p>\n<p>Eva Butzkies lives in Basel, Switzerland, holds a diploma in costume design and a MA Design (Textiles).<\/p>\n<blockquote><p>&#8222;&#8230;If Eva is involved in a project, that reassures me. But I don&#8217;t just like her eye for the costume solution: she develops a super concept with an artistic sense and a view of reality. She establishes a good relationship with everyone in the ensemble.&#8220;<\/p>\n<p>Martin Frank, Theater Basel<\/p>\n<p lang=\"en-US\">\n<\/blockquote>\n<p lang=\"en-US\">Foto: Elias Kaiser<\/p>\n","protected":false},"excerpt":{"rendered":"<p>Eva Butzkies ist 1977 in Freiburg im Breisgau geboren. Nach dem Kost\u00fcmdesign-Studium in Hannover und einem Praxissemester bei der Glyndebourne Festival Opera in England, war sie von 2003-2005 als Assistentin am Theater Basel.\u00a0 Seit 2004 entwirft sie Kost\u00fcmbilder f\u00fcr zahlreiche Opern, Schauspielst\u00fccke und Tanztheater-Produktionen, an festen Spielst\u00e4tten ebenso wie f\u00fcr Performances der freien Szene. Eine [&hellip;]<\/p>\n","protected":false},"author":1,"featured_media":0,"parent":0,"menu_order":0,"comment_status":"closed","ping_status":"closed","template":"full-width.php","meta":{"footnotes":""},"class_list":["post-2","page","type-page","status-publish","hentry"],"_links":{"self":[{"href":"https:\/\/evabutzkies.com\/index.php?rest_route=\/wp\/v2\/pages\/2","targetHints":{"allow":["GET"]}}],"collection":[{"href":"https:\/\/evabutzkies.com\/index.php?rest_route=\/wp\/v2\/pages"}],"about":[{"href":"https:\/\/evabutzkies.com\/index.php?rest_route=\/wp\/v2\/types\/page"}],"author":[{"embeddable":true,"href":"https:\/\/evabutzkies.com\/index.php?rest_route=\/wp\/v2\/users\/1"}],"replies":[{"embeddable":true,"href":"https:\/\/evabutzkies.com\/index.php?rest_route=%2Fwp%2Fv2%2Fcomments&post=2"}],"version-history":[{"count":23,"href":"https:\/\/evabutzkies.com\/index.php?rest_route=\/wp\/v2\/pages\/2\/revisions"}],"predecessor-version":[{"id":1221,"href":"https:\/\/evabutzkies.com\/index.php?rest_route=\/wp\/v2\/pages\/2\/revisions\/1221"}],"wp:attachment":[{"href":"https:\/\/evabutzkies.com\/index.php?rest_route=%2Fwp%2Fv2%2Fmedia&parent=2"}],"curies":[{"name":"wp","href":"https:\/\/api.w.org\/{rel}","templated":true}]}}